{"id":5869,"date":"2025-10-14T21:08:00","date_gmt":"2025-10-14T19:08:00","guid":{"rendered":"https:\/\/acorpsdetoi.fr\/?page_id=5869"},"modified":"2026-03-11T13:49:13","modified_gmt":"2026-03-11T12:49:13","slug":"bon-cadeau","status":"publish","type":"page","link":"https:\/\/acorpsdetoi.fr\/index.php\/bon-cadeau\/","title":{"rendered":"Bon cadeau"},"content":{"rendered":"\t\t<div data-elementor-type=\"wp-page\" data-elementor-id=\"5869\" class=\"elementor elementor-5869\">\n\t\t\t\t<div class=\"elementor-element elementor-element-58dbdca e-flex e-con-boxed e-con e-parent\" data-id=\"58dbdca\" data-element_type=\"container\">\n\t\t\t\t\t<div class=\"e-con-inner\">\n\t\t\t\t<div class=\"elementor-element elementor-element-c557303 elementor-widget elementor-widget-wpforms\" data-id=\"c557303\" data-element_type=\"widget\" data-widget_type=\"wpforms.default\">\n\t\t\t\t<div class=\"elementor-widget-container\">\n\t\t\t\t\t<style id=\"wpforms-css-vars-elementor-widget-c557303\">\n\t\t\t\t.elementor-widget-wpforms.elementor-element-c557303 {\n\t\t\t\t--wpforms-field-background-color: #EAC8AE;\n--wpforms-field-border-color: #392B20;\n--wpforms-field-border-color-spare: #392B20;\n--wpforms-field-text-color: #392B20;\n--wpforms-label-color: #392B20;\n--wpforms-label-sublabel-color: #DB8D5C;\n--wpforms-label-error-color: #ff0000;\n--wpforms-button-border-style: solid;\n--wpforms-button-background-color: #DB8D5C;\n--wpforms-button-border-color: #392B20;\n--wpforms-button-text-color: #EAC8AE;\n--wpforms-page-break-color: #DB8D5C;\n\t\t\t}\n\t\t\t<\/style><div class=\"wpforms-container wpforms-container-full wpforms-render-modern\" id=\"wpforms-5840\"><form id=\"wpforms-form-5840\" class=\"wpforms-validate wpforms-form wpforms-ajax-form\" data-formid=\"5840\" method=\"post\" enctype=\"multipart\/form-data\" action=\"\/index.php\/wp-json\/wp\/v2\/pages\/5869\" data-token=\"d85f5fc17befa16726be18f0d9a2ff58\" data-token-time=\"1776479257\"><noscript class=\"wpforms-error-noscript\">Veuillez activer JavaScript dans votre navigateur pour remplir ce formulaire.<\/noscript><div id=\"wpforms-error-noscript\" style=\"display: none;\">Veuillez activer JavaScript dans votre navigateur pour remplir ce formulaire.<\/div><div class=\"wpforms-field-container\"><div id=\"wpforms-5840-field_3-container\" class=\"wpforms-field wpforms-field-name\" data-field-id=\"3\"><fieldset><legend class=\"wpforms-field-label\">Nom du B\u00e9n\u00e9ficiaire <span class=\"wpforms-required-label\" aria-hidden=\"true\">*<\/span><\/legend><div class=\"wpforms-field-row wpforms-field-medium\"><div class=\"wpforms-field-row-block wpforms-first wpforms-one-half\"><input type=\"text\" id=\"wpforms-5840-field_3\" class=\"wpforms-field-name-first wpforms-field-required\" name=\"wpforms[fields][3][first]\" aria-errormessage=\"wpforms-5840-field_3-error\" required><label for=\"wpforms-5840-field_3\" class=\"wpforms-field-sublabel after\">Pr\u00e9nom<\/label><\/div><div class=\"wpforms-field-row-block wpforms-one-half\"><input type=\"text\" id=\"wpforms-5840-field_3-last\" class=\"wpforms-field-name-last wpforms-field-required\" name=\"wpforms[fields][3][last]\" aria-errormessage=\"wpforms-5840-field_3-last-error\" required><label for=\"wpforms-5840-field_3-last\" class=\"wpforms-field-sublabel after\">Nom<\/label><\/div><\/div><\/fieldset><\/div><div id=\"wpforms-5840-field_4-container\" class=\"wpforms-field wpforms-field-email\" data-field-id=\"4\"><label class=\"wpforms-field-label\" for=\"wpforms-5840-field_4\">E-mail du B\u00e9n\u00e9ficiaire <span class=\"wpforms-required-label\" aria-hidden=\"true\">*<\/span><\/label><input type=\"email\" id=\"wpforms-5840-field_4\" class=\"wpforms-field-medium wpforms-field-required\" name=\"wpforms[fields][4]\" spellcheck=\"false\" aria-errormessage=\"wpforms-5840-field_4-error\" required><\/div>\t\t<div id=\"wpforms-5840-field_1-container\"\n\t\t\tclass=\"wpforms-field wpforms-field-text\"\n\t\t\tdata-field-type=\"text\"\n\t\t\tdata-field-id=\"1\"\n\t\t\t>\n\t\t\t<label class=\"wpforms-field-label\" for=\"wpforms-5840-field_1\" >l&#039;Acheteur Choix du<\/label>\n\t\t\t<input type=\"text\" id=\"wpforms-5840-field_1\" class=\"wpforms-field-medium\" name=\"wpforms[fields][1]\" >\n\t\t<\/div>\n\t\t<div id=\"wpforms-5840-field_5-container\" class=\"wpforms-field wpforms-field-select wpforms-field-select-style-classic\" data-field-id=\"5\"><label class=\"wpforms-field-label\" for=\"wpforms-5840-field_5\">Montant de la Carte Cadeau <span class=\"wpforms-required-label\" aria-hidden=\"true\">*<\/span><\/label><select id=\"wpforms-5840-field_5\" class=\"wpforms-field-medium wpforms-field-required\" name=\"wpforms[fields][5]\" required=\"required\"><option value=\"\" class=\"placeholder\" disabled  selected='selected'>--- S\u00e9lectionner un choix ---<\/option><option value=\"Massage CHONG MAI 90 min 90\u20ac\"  class=\"choice-1 depth-1\"  >Massage CHONG MAI 90 min 90\u20ac<\/option><option value=\"Massage ESSENTIEL 60 min 70\u20ac\"  class=\"choice-2 depth-1\"  >Massage ESSENTIEL 60 min 70\u20ac<\/option><option value=\"Massage ESSENTIEL 40 min 50\u20ac\"  class=\"choice-3 depth-1\"  >Massage ESSENTIEL 40 min 50\u20ac<\/option><option value=\"Massage DUO 120 min 80\u20ac\"  class=\"choice-5 depth-1\"  >Massage DUO 120 min 80\u20ac<\/option><option value=\"Montant LIBRE\"  class=\"choice-4 depth-1\"  >Montant LIBRE<\/option><\/select><\/div><div id=\"wpforms-5840-field_6-container\" class=\"wpforms-field wpforms-field-textarea\" data-field-id=\"6\"><label class=\"wpforms-field-label\" for=\"wpforms-5840-field_6\">Message personnel au B\u00e9n\u00e9ficiaire<\/label><textarea id=\"wpforms-5840-field_6\" class=\"wpforms-field-medium\" name=\"wpforms[fields][6]\" aria-errormessage=\"wpforms-5840-field_6-error\" ><\/textarea><\/div><div id=\"wpforms-5840-field_7-container\" class=\"wpforms-field wpforms-field-name\" data-field-id=\"7\"><fieldset><legend class=\"wpforms-field-label\">Nom de l&#039;Acheteur <span class=\"wpforms-required-label\" aria-hidden=\"true\">*<\/span><\/legend><div class=\"wpforms-field-row wpforms-field-medium\"><div class=\"wpforms-field-row-block wpforms-first wpforms-one-half\"><input type=\"text\" id=\"wpforms-5840-field_7\" class=\"wpforms-field-name-first wpforms-field-required\" name=\"wpforms[fields][7][first]\" aria-errormessage=\"wpforms-5840-field_7-error\" required><label for=\"wpforms-5840-field_7\" class=\"wpforms-field-sublabel after\">Pr\u00e9nom<\/label><\/div><div class=\"wpforms-field-row-block wpforms-one-half\"><input type=\"text\" id=\"wpforms-5840-field_7-last\" class=\"wpforms-field-name-last wpforms-field-required\" name=\"wpforms[fields][7][last]\" aria-errormessage=\"wpforms-5840-field_7-last-error\" required><label for=\"wpforms-5840-field_7-last\" class=\"wpforms-field-sublabel after\">Nom<\/label><\/div><\/div><\/fieldset><\/div><div id=\"wpforms-5840-field_8-container\" class=\"wpforms-field wpforms-field-email\" data-field-id=\"8\"><fieldset><legend class=\"wpforms-field-label\">E-mail de l&#039;Acheteur <span class=\"wpforms-required-label\" aria-hidden=\"true\">*<\/span><\/legend><div class=\"wpforms-field-row wpforms-field-medium\"><div class=\"wpforms-field-row-block wpforms-one-half wpforms-first\"><input type=\"email\" id=\"wpforms-5840-field_8\" class=\"wpforms-field-required wpforms-field-email-primary\" name=\"wpforms[fields][8][primary]\" spellcheck=\"false\" aria-errormessage=\"wpforms-5840-field_8-error\" required><label for=\"wpforms-5840-field_8\" class=\"wpforms-field-sublabel after\">E-mail<\/label><\/div><div class=\"wpforms-field-row-block wpforms-one-half\"><input type=\"email\" id=\"wpforms-5840-field_8-secondary\" class=\"wpforms-field-email-secondary wpforms-field-required\" data-rule-confirm=\"#wpforms-5840-field_8\" name=\"wpforms[fields][8][secondary]\" spellcheck=\"false\" aria-errormessage=\"wpforms-5840-field_8-secondary-error\" required><label for=\"wpforms-5840-field_8-secondary\" class=\"wpforms-field-sublabel after\">Confirmez l\u2019e-mail<\/label><\/div><\/div><\/fieldset><\/div><div id=\"wpforms-5840-field_9-container\" class=\"wpforms-field wpforms-field-select wpforms-field-select-style-classic\" data-field-id=\"9\"><label class=\"wpforms-field-label\" for=\"wpforms-5840-field_9\">Choix de l&#039;Envoi de la Carte Cadeau <span class=\"wpforms-required-label\" aria-hidden=\"true\">*<\/span><\/label><select id=\"wpforms-5840-field_9\" class=\"wpforms-field-medium wpforms-field-required\" name=\"wpforms[fields][9]\" required=\"required\"><option value=\"\" class=\"placeholder\" disabled  selected='selected'>--- S\u00e9lectionner un choix ---<\/option><option value=\"E-mail\"  class=\"choice-1 depth-1\"  >E-mail<\/option><option value=\"Remise en main propre \u00e0 l&#039;acheteur\"  class=\"choice-2 depth-1\"  >Remise en main propre \u00e0 l'acheteur<\/option><\/select><\/div><div id=\"wpforms-5840-field_13-container\" class=\"wpforms-field wpforms-field-radio\" data-field-id=\"13\"><fieldset><legend class=\"wpforms-field-label\">Validation du R\u00e8glement <span class=\"wpforms-required-label\" aria-hidden=\"true\">*<\/span><\/legend><ul id=\"wpforms-5840-field_13\" class=\"wpforms-field-required\"><li class=\"choice-1 depth-1\"><input type=\"radio\" id=\"wpforms-5840-field_13_1\" name=\"wpforms[fields][13]\" value=\"Virement Bancaire - IBAN FR76 1390 6000 5500 1959 8572 326 - BIC\/SWIFT : AGRIFRPP839\" aria-errormessage=\"wpforms-5840-field_13_1-error\" aria-describedby=\"wpforms-5840-field_13-description\" required ><label class=\"wpforms-field-label-inline\" for=\"wpforms-5840-field_13_1\">Virement Bancaire - IBAN FR76 1390 6000 5500 1959 8572 326 - BIC\/SWIFT : AGRIFRPP839<\/label><\/li><li class=\"choice-2 depth-1\"><input type=\"radio\" id=\"wpforms-5840-field_13_2\" name=\"wpforms[fields][13]\" value=\"WERO - 06 09 71 37 24\" aria-errormessage=\"wpforms-5840-field_13_2-error\" aria-describedby=\"wpforms-5840-field_13-description\" required ><label class=\"wpforms-field-label-inline\" for=\"wpforms-5840-field_13_2\">WERO - 06 09 71 37 24<\/label><\/li><\/ul><div id=\"wpforms-5840-field_13-description\" class=\"wpforms-field-description\">L'achat de ce Bon Cadeau sera valid\u00e9 et trait\u00e9 apr\u00e8s v\u00e9rification de la bonne r\u00e9ception de votre r\u00e8glement. Vous recevrez la confirmation par e-mail.\nGagnons du temps : Pensez \u00e0 pr\u00e9ciser votre nom dans le motif du r\u00e8glement\n\n<\/div><\/fieldset><\/div><script>\n\t\t\t\t( function() {\n\t\t\t\t\tconst style = document.createElement( 'style' );\n\t\t\t\t\tstyle.appendChild( document.createTextNode( '#wpforms-5840-field_1-container { position: absolute !important; overflow: hidden !important; display: inline !important; height: 1px !important; width: 1px !important; z-index: -1000 !important; padding: 0 !important; } #wpforms-5840-field_1-container input { visibility: hidden; } #wpforms-conversational-form-page #wpforms-5840-field_1-container label { counter-increment: none; }' ) );\n\t\t\t\t\tdocument.head.appendChild( style );\n\t\t\t\t\tdocument.currentScript?.remove();\n\t\t\t\t} )();\n\t\t\t<\/script><\/div><!-- .wpforms-field-container --><div class=\"wpforms-submit-container\" ><input type=\"hidden\" name=\"wpforms[id]\" value=\"5840\"><input type=\"hidden\" name=\"page_title\" value=\"\"><input type=\"hidden\" name=\"page_url\" value=\"https:\/\/acorpsdetoi.fr\/index.php\/wp-json\/wp\/v2\/pages\/5869\"><input type=\"hidden\" name=\"url_referer\" value=\"\"><button type=\"submit\" name=\"wpforms[submit]\" id=\"wpforms-submit-5840\" class=\"wpforms-submit\" data-alt-text=\"Envoi...\" data-submit-text=\"Envoyer\" aria-live=\"assertive\" value=\"wpforms-submit\">Envoyer<\/button><img decoding=\"async\" src=\"https:\/\/acorpsdetoi.fr\/wp-content\/plugins\/wpforms-lite\/assets\/images\/submit-spin.svg\" class=\"wpforms-submit-spinner\" style=\"display: none;\" width=\"26\" height=\"26\" alt=\"Chargement en cours\"><\/div><\/form><\/div>  <!-- .wpforms-container -->\t\t\t\t<\/div>\n\t\t\t\t<\/div>\n\t\t\t\t\t<\/div>\n\t\t\t\t<\/div>\n\t\t\t\t<\/div>\n\t\t","protected":false},"excerpt":{"rendered":"<p>Veuillez activer JavaScript dans votre navigateur pour remplir ce formulaire.Veuillez activer JavaScript dans votre navigateur pour remplir ce formulaire. Nom du B\u00e9n\u00e9ficiaire * Pr\u00e9nomNom E-mail du B\u00e9n\u00e9ficiaire *Montant du Bon Cadeau *&#8212; S\u00e9lectionner un choix &#8212;Massage CHONG MAI 90\u20acMassage ESSENTIEL 60 min 70\u20acMassage ESSENTIEL 40 min 50\u20acMontant LIBREMessage personnel au B\u00e9n\u00e9ficiaire Nom de l&#039;Acheteur * Pr\u00e9nomNom E-mail de l&#039;Acheteur * [&hellip;]<\/p>\n","protected":false},"author":1,"featured_media":0,"parent":0,"menu_order":0,"comment_status":"closed","ping_status":"closed","template":"","meta":{"footnotes":""},"class_list":["post-5869","page","type-page","status-publish","hentry"],"yoast_head":"<!-- This site is optimized with the Yoast SEO plugin v26.0 - https:\/\/yoast.com\/wordpress\/plugins\/seo\/ -->\n<title>Bon cadeau -<\/title>\n<meta name=\"robots\" content=\"index, follow, max-snippet:-1, max-image-preview:large, max-video-preview:-1\" \/>\n<link rel=\"canonical\" href=\"https:\/\/acorpsdetoi.fr\/index.php\/bon-cadeau\/\" \/>\n<meta property=\"og:locale\" content=\"fr_FR\" \/>\n<meta property=\"og:type\" content=\"article\" \/>\n<meta property=\"og:title\" content=\"Bon cadeau -\" \/>\n<meta property=\"og:description\" content=\"Veuillez activer JavaScript dans votre navigateur pour remplir ce formulaire.Veuillez activer JavaScript dans votre navigateur pour remplir ce formulaire. Nom du B\u00e9n\u00e9ficiaire * Pr\u00e9nomNom E-mail du B\u00e9n\u00e9ficiaire *Montant du Bon Cadeau *&#8212; S\u00e9lectionner un choix &#8212;Massage CHONG MAI 90\u20acMassage ESSENTIEL 60 min 70\u20acMassage ESSENTIEL 40 min 50\u20acMontant LIBREMessage personnel au B\u00e9n\u00e9ficiaire Nom de l&#039;Acheteur * Pr\u00e9nomNom E-mail de l&#039;Acheteur * [&hellip;]\" \/>\n<meta property=\"og:url\" content=\"https:\/\/acorpsdetoi.fr\/index.php\/bon-cadeau\/\" \/>\n<meta property=\"article:modified_time\" content=\"2026-03-11T12:49:13+00:00\" \/>\n<meta property=\"og:image\" content=\"https:\/\/acorpsdetoi.fr\/wp-content\/plugins\/wpforms-lite\/assets\/images\/submit-spin.svg\" \/>\n<meta name=\"twitter:card\" content=\"summary_large_image\" \/>\n<meta name=\"twitter:label1\" content=\"Dur\u00e9e de lecture estim\u00e9e\" \/>\n\t<meta name=\"twitter:data1\" content=\"1 minute\" \/>\n<script type=\"application\/ld+json\" class=\"yoast-schema-graph\">{\"@context\":\"https:\/\/schema.org\",\"@graph\":[{\"@type\":\"WebPage\",\"@id\":\"https:\/\/acorpsdetoi.fr\/index.php\/bon-cadeau\/\",\"url\":\"https:\/\/acorpsdetoi.fr\/index.php\/bon-cadeau\/\",\"name\":\"Bon cadeau -\",\"isPartOf\":{\"@id\":\"https:\/\/acorpsdetoi.fr\/#website\"},\"primaryImageOfPage\":{\"@id\":\"https:\/\/acorpsdetoi.fr\/index.php\/bon-cadeau\/#primaryimage\"},\"image\":{\"@id\":\"https:\/\/acorpsdetoi.fr\/index.php\/bon-cadeau\/#primaryimage\"},\"thumbnailUrl\":\"https:\/\/acorpsdetoi.fr\/wp-content\/plugins\/wpforms-lite\/assets\/images\/submit-spin.svg\",\"datePublished\":\"2025-10-14T19:08:00+00:00\",\"dateModified\":\"2026-03-11T12:49:13+00:00\",\"breadcrumb\":{\"@id\":\"https:\/\/acorpsdetoi.fr\/index.php\/bon-cadeau\/#breadcrumb\"},\"inLanguage\":\"fr-FR\",\"potentialAction\":[{\"@type\":\"ReadAction\",\"target\":[\"https:\/\/acorpsdetoi.fr\/index.php\/bon-cadeau\/\"]}]},{\"@type\":\"ImageObject\",\"inLanguage\":\"fr-FR\",\"@id\":\"https:\/\/acorpsdetoi.fr\/index.php\/bon-cadeau\/#primaryimage\",\"url\":\"https:\/\/acorpsdetoi.fr\/wp-content\/plugins\/wpforms-lite\/assets\/images\/submit-spin.svg\",\"contentUrl\":\"https:\/\/acorpsdetoi.fr\/wp-content\/plugins\/wpforms-lite\/assets\/images\/submit-spin.svg\"},{\"@type\":\"BreadcrumbList\",\"@id\":\"https:\/\/acorpsdetoi.fr\/index.php\/bon-cadeau\/#breadcrumb\",\"itemListElement\":[{\"@type\":\"ListItem\",\"position\":1,\"name\":\"Accueil\",\"item\":\"https:\/\/acorpsdetoi.fr\/\"},{\"@type\":\"ListItem\",\"position\":2,\"name\":\"Bon cadeau\"}]},{\"@type\":\"WebSite\",\"@id\":\"https:\/\/acorpsdetoi.fr\/#website\",\"url\":\"https:\/\/acorpsdetoi.fr\/\",\"name\":\"\u00c0 Corps de Toi\",\"description\":\"\",\"publisher\":{\"@id\":\"https:\/\/acorpsdetoi.fr\/#organization\"},\"potentialAction\":[{\"@type\":\"SearchAction\",\"target\":{\"@type\":\"EntryPoint\",\"urlTemplate\":\"https:\/\/acorpsdetoi.fr\/?s={search_term_string}\"},\"query-input\":{\"@type\":\"PropertyValueSpecification\",\"valueRequired\":true,\"valueName\":\"search_term_string\"}}],\"inLanguage\":\"fr-FR\"},{\"@type\":\"Organization\",\"@id\":\"https:\/\/acorpsdetoi.fr\/#organization\",\"name\":\"\u00c0 Corps de Toi\",\"url\":\"https:\/\/acorpsdetoi.fr\/\",\"logo\":{\"@type\":\"ImageObject\",\"inLanguage\":\"fr-FR\",\"@id\":\"https:\/\/acorpsdetoi.fr\/#\/schema\/logo\/image\/\",\"url\":\"https:\/\/acorpsdetoi.fr\/wp-content\/uploads\/2024\/08\/cropped-Logo-ACdT-noir.png\",\"contentUrl\":\"https:\/\/acorpsdetoi.fr\/wp-content\/uploads\/2024\/08\/cropped-Logo-ACdT-noir.png\",\"width\":512,\"height\":512,\"caption\":\"\u00c0 Corps de Toi\"},\"image\":{\"@id\":\"https:\/\/acorpsdetoi.fr\/#\/schema\/logo\/image\/\"}}]}<\/script>\n<!-- \/ Yoast SEO plugin. -->","yoast_head_json":{"title":"Bon cadeau -","robots":{"index":"index","follow":"follow","max-snippet":"max-snippet:-1","max-image-preview":"max-image-preview:large","max-video-preview":"max-video-preview:-1"},"canonical":"https:\/\/acorpsdetoi.fr\/index.php\/bon-cadeau\/","og_locale":"fr_FR","og_type":"article","og_title":"Bon cadeau -","og_description":"Veuillez activer JavaScript dans votre navigateur pour remplir ce formulaire.Veuillez activer JavaScript dans votre navigateur pour remplir ce formulaire. Nom du B\u00e9n\u00e9ficiaire * Pr\u00e9nomNom E-mail du B\u00e9n\u00e9ficiaire *Montant du Bon Cadeau *&#8212; S\u00e9lectionner un choix &#8212;Massage CHONG MAI 90\u20acMassage ESSENTIEL 60 min 70\u20acMassage ESSENTIEL 40 min 50\u20acMontant LIBREMessage personnel au B\u00e9n\u00e9ficiaire Nom de l&#039;Acheteur * Pr\u00e9nomNom E-mail de l&#039;Acheteur * [&hellip;]","og_url":"https:\/\/acorpsdetoi.fr\/index.php\/bon-cadeau\/","article_modified_time":"2026-03-11T12:49:13+00:00","og_image":[{"url":"https:\/\/acorpsdetoi.fr\/wp-content\/plugins\/wpforms-lite\/assets\/images\/submit-spin.svg","type":"","width":"","height":""}],"twitter_card":"summary_large_image","twitter_misc":{"Dur\u00e9e de lecture estim\u00e9e":"1 minute"},"schema":{"@context":"https:\/\/schema.org","@graph":[{"@type":"WebPage","@id":"https:\/\/acorpsdetoi.fr\/index.php\/bon-cadeau\/","url":"https:\/\/acorpsdetoi.fr\/index.php\/bon-cadeau\/","name":"Bon cadeau -","isPartOf":{"@id":"https:\/\/acorpsdetoi.fr\/#website"},"primaryImageOfPage":{"@id":"https:\/\/acorpsdetoi.fr\/index.php\/bon-cadeau\/#primaryimage"},"image":{"@id":"https:\/\/acorpsdetoi.fr\/index.php\/bon-cadeau\/#primaryimage"},"thumbnailUrl":"https:\/\/acorpsdetoi.fr\/wp-content\/plugins\/wpforms-lite\/assets\/images\/submit-spin.svg","datePublished":"2025-10-14T19:08:00+00:00","dateModified":"2026-03-11T12:49:13+00:00","breadcrumb":{"@id":"https:\/\/acorpsdetoi.fr\/index.php\/bon-cadeau\/#breadcrumb"},"inLanguage":"fr-FR","potentialAction":[{"@type":"ReadAction","target":["https:\/\/acorpsdetoi.fr\/index.php\/bon-cadeau\/"]}]},{"@type":"ImageObject","inLanguage":"fr-FR","@id":"https:\/\/acorpsdetoi.fr\/index.php\/bon-cadeau\/#primaryimage","url":"https:\/\/acorpsdetoi.fr\/wp-content\/plugins\/wpforms-lite\/assets\/images\/submit-spin.svg","contentUrl":"https:\/\/acorpsdetoi.fr\/wp-content\/plugins\/wpforms-lite\/assets\/images\/submit-spin.svg"},{"@type":"BreadcrumbList","@id":"https:\/\/acorpsdetoi.fr\/index.php\/bon-cadeau\/#breadcrumb","itemListElement":[{"@type":"ListItem","position":1,"name":"Accueil","item":"https:\/\/acorpsdetoi.fr\/"},{"@type":"ListItem","position":2,"name":"Bon cadeau"}]},{"@type":"WebSite","@id":"https:\/\/acorpsdetoi.fr\/#website","url":"https:\/\/acorpsdetoi.fr\/","name":"\u00c0 Corps de Toi","description":"","publisher":{"@id":"https:\/\/acorpsdetoi.fr\/#organization"},"potentialAction":[{"@type":"SearchAction","target":{"@type":"EntryPoint","urlTemplate":"https:\/\/acorpsdetoi.fr\/?s={search_term_string}"},"query-input":{"@type":"PropertyValueSpecification","valueRequired":true,"valueName":"search_term_string"}}],"inLanguage":"fr-FR"},{"@type":"Organization","@id":"https:\/\/acorpsdetoi.fr\/#organization","name":"\u00c0 Corps de Toi","url":"https:\/\/acorpsdetoi.fr\/","logo":{"@type":"ImageObject","inLanguage":"fr-FR","@id":"https:\/\/acorpsdetoi.fr\/#\/schema\/logo\/image\/","url":"https:\/\/acorpsdetoi.fr\/wp-content\/uploads\/2024\/08\/cropped-Logo-ACdT-noir.png","contentUrl":"https:\/\/acorpsdetoi.fr\/wp-content\/uploads\/2024\/08\/cropped-Logo-ACdT-noir.png","width":512,"height":512,"caption":"\u00c0 Corps de Toi"},"image":{"@id":"https:\/\/acorpsdetoi.fr\/#\/schema\/logo\/image\/"}}]}},"_links":{"self":[{"href":"https:\/\/acorpsdetoi.fr\/index.php\/wp-json\/wp\/v2\/pages\/5869","targetHints":{"allow":["GET"]}}],"collection":[{"href":"https:\/\/acorpsdetoi.fr\/index.php\/wp-json\/wp\/v2\/pages"}],"about":[{"href":"https:\/\/acorpsdetoi.fr\/index.php\/wp-json\/wp\/v2\/types\/page"}],"author":[{"embeddable":true,"href":"https:\/\/acorpsdetoi.fr\/index.php\/wp-json\/wp\/v2\/users\/1"}],"replies":[{"embeddable":true,"href":"https:\/\/acorpsdetoi.fr\/index.php\/wp-json\/wp\/v2\/comments?post=5869"}],"version-history":[{"count":7,"href":"https:\/\/acorpsdetoi.fr\/index.php\/wp-json\/wp\/v2\/pages\/5869\/revisions"}],"predecessor-version":[{"id":5876,"href":"https:\/\/acorpsdetoi.fr\/index.php\/wp-json\/wp\/v2\/pages\/5869\/revisions\/5876"}],"wp:attachment":[{"href":"https:\/\/acorpsdetoi.fr\/index.php\/wp-json\/wp\/v2\/media?parent=5869"}],"curies":[{"name":"wp","href":"https:\/\/api.w.org\/{rel}","templated":true}]}}